{"id":10,"date":"2026-04-16T10:23:40","date_gmt":"2026-04-16T10:23:40","guid":{"rendered":"https:\/\/bocataperialaplaza.rkinformatika.online\/?page_id=10"},"modified":"2026-04-17T08:27:59","modified_gmt":"2026-04-17T08:27:59","slug":"inicio","status":"publish","type":"page","link":"https:\/\/bocataperialaplaza.com\/en\/","title":{"rendered":"Home"},"content":{"rendered":"<div data-elementor-type=\"wp-page\" data-elementor-id=\"10\" class=\"elementor elementor-10\" data-elementor-post-type=\"page\">\n\t\t\t\t<div class=\"elementor-element elementor-element-08cb7c8 e-flex e-con-boxed e-con e-parent\" data-id=\"08cb7c8\" data-element_type=\"container\" data-e-type=\"container\" data-settings=\"{&quot;background_background&quot;:&quot;classic&quot;}\">\n\t\t\t\t\t<div class=\"e-con-inner\">\n\t\t\t\t\t<\/div>\n\t\t\t\t<\/div>\n\t\t<div class=\"elementor-element elementor-element-c23d085 e-con-full e-flex e-con e-parent\" data-id=\"c23d085\" data-element_type=\"container\" data-e-type=\"container\">\n\t\t<div class=\"elementor-element elementor-element-c42f6ee e-con-full e-flex e-con e-child\" data-id=\"c42f6ee\" data-element_type=\"container\" data-e-type=\"container\" data-settings=\"{&quot;background_background&quot;:&quot;classic&quot;}\">\n\t\t\t\t<div class=\"elementor-element elementor-element-94a6c60 elementor-widget elementor-widget-image\" data-id=\"94a6c60\" data-element_type=\"widget\" data-e-type=\"widget\" data-widget_type=\"image.default\">\n\t\t\t\t\t\t\t\t\t\t\t\t\t\t\t<img fetchpriority=\"high\" decoding=\"async\" width=\"800\" height=\"599\" src=\"https:\/\/bocataperialaplaza.com\/wp-content\/uploads\/2026\/04\/Diseno-sin-titulo.png\" class=\"attachment-full size-full wp-image-141\" alt=\"\" srcset=\"https:\/\/bocataperialaplaza.com\/wp-content\/uploads\/2026\/04\/Diseno-sin-titulo.png 800w, https:\/\/bocataperialaplaza.com\/wp-content\/uploads\/2026\/04\/Diseno-sin-titulo-300x225.png 300w, https:\/\/bocataperialaplaza.com\/wp-content\/uploads\/2026\/04\/Diseno-sin-titulo-768x575.png 768w, https:\/\/bocataperialaplaza.com\/wp-content\/uploads\/2026\/04\/Diseno-sin-titulo-16x12.png 16w\" sizes=\"(max-width: 800px) 100vw, 800px\" \/>\t\t\t\t\t\t\t\t\t\t\t\t\t\t\t<\/div>\n\t\t\t\t<\/div>\n\t\t<div class=\"elementor-element elementor-element-cabb179 e-con-full e-flex e-con e-child\" data-id=\"cabb179\" data-element_type=\"container\" data-e-type=\"container\">\n\t\t\t\t<div class=\"elementor-element elementor-element-7a89537 elementor-widget elementor-widget-heading\" data-id=\"7a89537\" data-element_type=\"widget\" data-e-type=\"widget\" data-widget_type=\"heading.default\">\n\t\t\t\t\t<h2 class=\"elementor-heading-title elementor-size-default\">About us<\/h2>\t\t\t\t<\/div>\n\t\t\t\t<div class=\"elementor-element elementor-element-b0b88c6 elementor-widget elementor-widget-text-editor\" data-id=\"b0b88c6\" data-element_type=\"widget\" data-e-type=\"widget\" data-widget_type=\"text-editor.default\">\n\t\t\t\t\t\t\t\t\t<p>We are a bar and caf\u00e9 with 4 to 5 years of experience offering friendly, high-quality service to our customers. We specialize in preparing a wide variety of products, including sandwiches, combination plates, coffees, and all kinds of drinks.<\/p><p>Our goal is to create a welcoming atmosphere where our customers can enjoy a quick breakfast, a full meal, or simply relax with a good cup of coffee. We work every day to offer attentive service, a wide variety of products, and a comfortable space for everyone.<\/p>\t\t\t\t\t\t\t\t<\/div>\n\t\t\t\t<div class=\"elementor-element elementor-element-d5659a8 elementor-widget elementor-widget-button\" data-id=\"d5659a8\" data-element_type=\"widget\" data-e-type=\"widget\" data-widget_type=\"button.default\">\n\t\t\t\t\t\t\t\t\t\t<a class=\"elementor-button elementor-button-link elementor-size-sm\" href=\"https:\/\/bocataperialaplaza.com\/en\/servicios\/\">\n\t\t\t\t\t\t<span class=\"elementor-button-content-wrapper\">\n\t\t\t\t\t\t\t\t\t<span class=\"elementor-button-text\">Services<\/span>\n\t\t\t\t\t<\/span>\n\t\t\t\t\t<\/a>\n\t\t\t\t\t\t\t\t<\/div>\n\t\t\t\t<\/div>\n\t\t\t\t<\/div>\n\t\t<div class=\"elementor-element elementor-element-56f0f6f e-con-full e-flex e-con e-parent\" data-id=\"56f0f6f\" data-element_type=\"container\" data-e-type=\"container\" data-settings=\"{&quot;background_background&quot;:&quot;classic&quot;}\">\n\t\t\t\t<\/div>\n\t\t\t\t<\/div>","protected":false},"excerpt":{"rendered":"<p>Sobre nosotros Somos un bar-cafeter\u00eda con una trayectoria de 4 a 5 a\u00f1os ofreciendo un servicio cercano y de calidad a nuestros clientes. Nos dedicamos a la preparaci\u00f3n de una amplia variedad de productos, entre los que destacan bocadillos, platos combinados, caf\u00e9s y bebidas de todo tipo. Nuestro objetivo es crear un ambiente agradable donde [&hellip;]<\/p>\n","protected":false},"author":1,"featured_media":0,"parent":0,"menu_order":0,"comment_status":"closed","ping_status":"closed","template":"elementor_canvas","meta":{"footnotes":""},"class_list":["post-10","page","type-page","status-publish","hentry"],"yoast_head":"<!-- This site is optimized with the Yoast SEO plugin v27.4 - https:\/\/yoast.com\/product\/yoast-seo-wordpress\/ -->\n<title>Inicio - Bocataperia La Plaza<\/title>\n<meta name=\"robots\" content=\"index, follow, max-snippet:-1, max-image-preview:large, max-video-preview:-1\" \/>\n<link rel=\"canonical\" href=\"https:\/\/bocataperialaplaza.com\/en\/\" \/>\n<meta property=\"og:locale\" content=\"en_GB\" \/>\n<meta property=\"og:type\" content=\"article\" \/>\n<meta property=\"og:title\" content=\"Inicio - Bocataperia La Plaza\" \/>\n<meta property=\"og:description\" content=\"Sobre nosotros Somos un bar-cafeter\u00eda con una trayectoria de 4 a 5 a\u00f1os ofreciendo un servicio cercano y de calidad a nuestros clientes. Nos dedicamos a la preparaci\u00f3n de una amplia variedad de productos, entre los que destacan bocadillos, platos combinados, caf\u00e9s y bebidas de todo tipo. Nuestro objetivo es crear un ambiente agradable donde [&hellip;]\" \/>\n<meta property=\"og:url\" content=\"https:\/\/bocataperialaplaza.com\/en\/\" \/>\n<meta property=\"og:site_name\" content=\"Bocataperia La Plaza\" \/>\n<meta property=\"article:modified_time\" content=\"2026-04-17T08:27:59+00:00\" \/>\n<meta property=\"og:image\" content=\"https:\/\/bocataperialaplaza.com\/wp-content\/uploads\/2026\/04\/Diseno-sin-titulo.png\" \/>\n<meta name=\"twitter:card\" content=\"summary_large_image\" \/>\n<meta name=\"twitter:label1\" content=\"Estimated reading time\" \/>\n\t<meta name=\"twitter:data1\" content=\"1 minute\" \/>\n<script type=\"application\/ld+json\" class=\"yoast-schema-graph\">{\"@context\":\"https:\\\/\\\/schema.org\",\"@graph\":[{\"@type\":\"WebPage\",\"@id\":\"https:\\\/\\\/bocataperialaplaza.com\\\/\",\"url\":\"https:\\\/\\\/bocataperialaplaza.com\\\/\",\"name\":\"Inicio - Bocataperia La Plaza\",\"isPartOf\":{\"@id\":\"https:\\\/\\\/bocataperialaplaza.com\\\/#website\"},\"primaryImageOfPage\":{\"@id\":\"https:\\\/\\\/bocataperialaplaza.com\\\/#primaryimage\"},\"image\":{\"@id\":\"https:\\\/\\\/bocataperialaplaza.com\\\/#primaryimage\"},\"thumbnailUrl\":\"https:\\\/\\\/bocataperialaplaza.com\\\/wp-content\\\/uploads\\\/2026\\\/04\\\/Diseno-sin-titulo.png\",\"datePublished\":\"2026-04-16T10:23:40+00:00\",\"dateModified\":\"2026-04-17T08:27:59+00:00\",\"breadcrumb\":{\"@id\":\"https:\\\/\\\/bocataperialaplaza.com\\\/#breadcrumb\"},\"inLanguage\":\"en-GB\",\"potentialAction\":[{\"@type\":\"ReadAction\",\"target\":[\"https:\\\/\\\/bocataperialaplaza.com\\\/\"]}]},{\"@type\":\"ImageObject\",\"inLanguage\":\"en-GB\",\"@id\":\"https:\\\/\\\/bocataperialaplaza.com\\\/#primaryimage\",\"url\":\"https:\\\/\\\/bocataperialaplaza.com\\\/wp-content\\\/uploads\\\/2026\\\/04\\\/Diseno-sin-titulo.png\",\"contentUrl\":\"https:\\\/\\\/bocataperialaplaza.com\\\/wp-content\\\/uploads\\\/2026\\\/04\\\/Diseno-sin-titulo.png\"},{\"@type\":\"BreadcrumbList\",\"@id\":\"https:\\\/\\\/bocataperialaplaza.com\\\/#breadcrumb\",\"itemListElement\":[{\"@type\":\"ListItem\",\"position\":1,\"name\":\"Portada\",\"item\":\"https:\\\/\\\/bocataperialaplaza.com\\\/\"},{\"@type\":\"ListItem\",\"position\":2,\"name\":\"Inicio\"}]},{\"@type\":\"WebSite\",\"@id\":\"https:\\\/\\\/bocataperialaplaza.com\\\/#website\",\"url\":\"https:\\\/\\\/bocataperialaplaza.com\\\/\",\"name\":\"Bocataperia La Plaza\",\"description\":\"Bar\",\"publisher\":{\"@id\":\"https:\\\/\\\/bocataperialaplaza.com\\\/#organization\"},\"potentialAction\":[{\"@type\":\"SearchAction\",\"target\":{\"@type\":\"EntryPoint\",\"urlTemplate\":\"https:\\\/\\\/bocataperialaplaza.com\\\/?s={search_term_string}\"},\"query-input\":{\"@type\":\"PropertyValueSpecification\",\"valueRequired\":true,\"valueName\":\"search_term_string\"}}],\"inLanguage\":\"en-GB\"},{\"@type\":\"Organization\",\"@id\":\"https:\\\/\\\/bocataperialaplaza.com\\\/#organization\",\"name\":\"Bocataperia La Plaza\",\"url\":\"https:\\\/\\\/bocataperialaplaza.com\\\/\",\"logo\":{\"@type\":\"ImageObject\",\"inLanguage\":\"en-GB\",\"@id\":\"https:\\\/\\\/bocataperialaplaza.com\\\/#\\\/schema\\\/logo\\\/image\\\/\",\"url\":\"https:\\\/\\\/bocataperialaplaza.com\\\/wp-content\\\/uploads\\\/2026\\\/04\\\/cropped-cropped-bocaterialaplaza202511_logo_web.png\",\"contentUrl\":\"https:\\\/\\\/bocataperialaplaza.com\\\/wp-content\\\/uploads\\\/2026\\\/04\\\/cropped-cropped-bocaterialaplaza202511_logo_web.png\",\"width\":1080,\"height\":1080,\"caption\":\"Bocataperia La Plaza\"},\"image\":{\"@id\":\"https:\\\/\\\/bocataperialaplaza.com\\\/#\\\/schema\\\/logo\\\/image\\\/\"}}]}<\/script>\n<!-- \/ Yoast SEO plugin. -->","yoast_head_json":{"title":"Inicio - Bocataperia La Plaza","robots":{"index":"index","follow":"follow","max-snippet":"max-snippet:-1","max-image-preview":"max-image-preview:large","max-video-preview":"max-video-preview:-1"},"canonical":"https:\/\/bocataperialaplaza.com\/en\/","og_locale":"en_GB","og_type":"article","og_title":"Inicio - Bocataperia La Plaza","og_description":"Sobre nosotros Somos un bar-cafeter\u00eda con una trayectoria de 4 a 5 a\u00f1os ofreciendo un servicio cercano y de calidad a nuestros clientes. Nos dedicamos a la preparaci\u00f3n de una amplia variedad de productos, entre los que destacan bocadillos, platos combinados, caf\u00e9s y bebidas de todo tipo. Nuestro objetivo es crear un ambiente agradable donde [&hellip;]","og_url":"https:\/\/bocataperialaplaza.com\/en\/","og_site_name":"Bocataperia La Plaza","article_modified_time":"2026-04-17T08:27:59+00:00","og_image":[{"url":"https:\/\/bocataperialaplaza.com\/wp-content\/uploads\/2026\/04\/Diseno-sin-titulo.png","type":"","width":"","height":""}],"twitter_card":"summary_large_image","twitter_misc":{"Estimated reading time":"1 minute"},"schema":{"@context":"https:\/\/schema.org","@graph":[{"@type":"WebPage","@id":"https:\/\/bocataperialaplaza.com\/","url":"https:\/\/bocataperialaplaza.com\/","name":"Inicio - Bocataperia La Plaza","isPartOf":{"@id":"https:\/\/bocataperialaplaza.com\/#website"},"primaryImageOfPage":{"@id":"https:\/\/bocataperialaplaza.com\/#primaryimage"},"image":{"@id":"https:\/\/bocataperialaplaza.com\/#primaryimage"},"thumbnailUrl":"https:\/\/bocataperialaplaza.com\/wp-content\/uploads\/2026\/04\/Diseno-sin-titulo.png","datePublished":"2026-04-16T10:23:40+00:00","dateModified":"2026-04-17T08:27:59+00:00","breadcrumb":{"@id":"https:\/\/bocataperialaplaza.com\/#breadcrumb"},"inLanguage":"en-GB","potentialAction":[{"@type":"ReadAction","target":["https:\/\/bocataperialaplaza.com\/"]}]},{"@type":"ImageObject","inLanguage":"en-GB","@id":"https:\/\/bocataperialaplaza.com\/#primaryimage","url":"https:\/\/bocataperialaplaza.com\/wp-content\/uploads\/2026\/04\/Diseno-sin-titulo.png","contentUrl":"https:\/\/bocataperialaplaza.com\/wp-content\/uploads\/2026\/04\/Diseno-sin-titulo.png"},{"@type":"BreadcrumbList","@id":"https:\/\/bocataperialaplaza.com\/#breadcrumb","itemListElement":[{"@type":"ListItem","position":1,"name":"Portada","item":"https:\/\/bocataperialaplaza.com\/"},{"@type":"ListItem","position":2,"name":"Inicio"}]},{"@type":"WebSite","@id":"https:\/\/bocataperialaplaza.com\/#website","url":"https:\/\/bocataperialaplaza.com\/","name":"Bocataperia La Plaza","description":"Bar","publisher":{"@id":"https:\/\/bocataperialaplaza.com\/#organization"},"potentialAction":[{"@type":"SearchAction","target":{"@type":"EntryPoint","urlTemplate":"https:\/\/bocataperialaplaza.com\/?s={search_term_string}"},"query-input":{"@type":"PropertyValueSpecification","valueRequired":true,"valueName":"search_term_string"}}],"inLanguage":"en-GB"},{"@type":"Organization","@id":"https:\/\/bocataperialaplaza.com\/#organization","name":"Bocataperia La Plaza","url":"https:\/\/bocataperialaplaza.com\/","logo":{"@type":"ImageObject","inLanguage":"en-GB","@id":"https:\/\/bocataperialaplaza.com\/#\/schema\/logo\/image\/","url":"https:\/\/bocataperialaplaza.com\/wp-content\/uploads\/2026\/04\/cropped-cropped-bocaterialaplaza202511_logo_web.png","contentUrl":"https:\/\/bocataperialaplaza.com\/wp-content\/uploads\/2026\/04\/cropped-cropped-bocaterialaplaza202511_logo_web.png","width":1080,"height":1080,"caption":"Bocataperia La Plaza"},"image":{"@id":"https:\/\/bocataperialaplaza.com\/#\/schema\/logo\/image\/"}}]}},"_links":{"self":[{"href":"https:\/\/bocataperialaplaza.com\/en\/wp-json\/wp\/v2\/pages\/10","targetHints":{"allow":["GET"]}}],"collection":[{"href":"https:\/\/bocataperialaplaza.com\/en\/wp-json\/wp\/v2\/pages"}],"about":[{"href":"https:\/\/bocataperialaplaza.com\/en\/wp-json\/wp\/v2\/types\/page"}],"author":[{"embeddable":true,"href":"https:\/\/bocataperialaplaza.com\/en\/wp-json\/wp\/v2\/users\/1"}],"replies":[{"embeddable":true,"href":"https:\/\/bocataperialaplaza.com\/en\/wp-json\/wp\/v2\/comments?post=10"}],"version-history":[{"count":55,"href":"https:\/\/bocataperialaplaza.com\/en\/wp-json\/wp\/v2\/pages\/10\/revisions"}],"predecessor-version":[{"id":217,"href":"https:\/\/bocataperialaplaza.com\/en\/wp-json\/wp\/v2\/pages\/10\/revisions\/217"}],"wp:attachment":[{"href":"https:\/\/bocataperialaplaza.com\/en\/wp-json\/wp\/v2\/media?parent=10"}],"curies":[{"name":"wp","href":"https:\/\/api.w.org\/{rel}","templated":true}]}}